{"id":1042,"date":"2023-07-02T06:21:23","date_gmt":"2023-07-02T04:21:23","guid":{"rendered":"https:\/\/jankosyk.de\/?page_id=1042"},"modified":"2026-02-07T15:17:04","modified_gmt":"2026-02-07T14:17:04","slug":"lebenslauf","status":"publish","type":"page","link":"https:\/\/jankosyk.de\/en\/lebenslauf\/","title":{"rendered":"Lebenslauf"},"content":{"rendered":"<div class=\"wp-block-image\">\n<figure class=\"alignright size-medium\"><img loading=\"lazy\" decoding=\"async\" width=\"300\" height=\"200\" src=\"https:\/\/jankosyk.de\/wp-content\/uploads\/20-300x200.jpg\" alt=\"\" class=\"wp-image-924\" srcset=\"https:\/\/jankosyk.de\/wp-content\/uploads\/20-300x200.jpg 300w, https:\/\/jankosyk.de\/wp-content\/uploads\/20-550x367.jpg 550w, https:\/\/jankosyk.de\/wp-content\/uploads\/20-768x512.jpg 768w, https:\/\/jankosyk.de\/wp-content\/uploads\/20-1536x1024.jpg 1536w, https:\/\/jankosyk.de\/wp-content\/uploads\/20-2048x1366.jpg 2048w\" sizes=\"auto, (max-width: 300px) 100vw, 300px\" \/><\/figure>\n<\/div>\n\n\n<p>Mein Name ist Jan Kossick (aka Jan Kosyk), ich bin 40 Jahre alt und wohne in Dresden. Ich arbeite als Kulturmanager f\u00fcr das <a href=\"https:\/\/neustadt-art-kollektiv.org\">Neustadt Art Kollektiv<\/a> und die <a href=\"https:\/\/kultopia.org\">Kultopia gGmbH<\/a> und bin seit 20 Jahren als Programmierer selbstst\u00e4ndig. Ich habe einen Abschluss als Bachelor in Informatik.<\/p>\n\n\n\n<p>Ich bin Musiker als <a href=\"https:\/\/klavierpunk.de\">Liedermacher<\/a> und mit Bands im Jazz, Latin und &#8211; unter anderem sorbischer &#8211; Folklore. Ich spielte jahrelang bei den Bands <a href=\"https:\/\/kulabula.de\">Kula Bula<\/a>, <a href=\"https:\/\/black-sheep-swing.de\">Black Sheep Swing Orchestra<\/a> und den <a href=\"https:\/\/skaprifischer.de\">Skaprifischern<\/a>. 2023 und 2024 war ich <a href=\"https:\/\/smorgasbord.at\">auf Weltreise<\/a> und widmete mich intensiv <a href=\"https:\/\/jankosyk.de\">meinen Soloprojekten<\/a>. Um die Kontakte weiter zu pflegen, reise ich nun j\u00e4hrlich f\u00fcr mehrere Monate nach <a href=\"https:\/\/smorgasbord.at\">Japan<\/a>. Aktuell bin ich zusammen mit <a href=\"https:\/\/jankosyk.de\/alina-dalsegno-trio\/\">Alina Dalsegno<\/a> als Duo mit G\u00e4sten unterwegs.<\/p>\n\n\n\n<p>Politisch habe ich in den letzten f\u00fcnfzehn Jahren einen langen Weg \u00fcber den <a href=\"https:\/\/stura.tu-dresden.de\">Studentenrat der TU Dresden<\/a> bis in die Kommunalpolitik gemacht. Ich bin Mitglied der <a href=\"https:\/\/neustadtpiraten.de\">Neustadtpiraten<\/a> und sitze im <a href=\"https:\/\/www.neustadtpiraten.de\/kategorie\/bericht-sbr\/\">Stadtbezirksbeirat<\/a> der Dresdner Neustadt. 2021 arbeitete ich f\u00fcr die <a href=\"https:\/\/dissidenten-fraktion.de\">Dissidenten-Fraktion<\/a> im Dresdner Stadtrat, der auch wir Piraten angeh\u00f6rten und setze diese Arbeit in der <a href=\"https:\/\/pvp-kooperation.de\">PVP-Kooperation<\/a> (Piraten, Volt, Partei) fort. Ich bin Mitglied im <a href=\"http:\/\/www.serbski-sejm.de\">Serbski Sejm<\/a>, das erste Parlament der sorbisch\/wendischen Minderheit in Deutschland.<\/p>\n\n\n\n<ul class=\"wp-block-list\">\n<li><a href=\"#beruf\">Beruflicher Werdegang<\/a><\/li>\n\n\n\n<li><a href=\"#bildung\">Bildungsweg<\/a><\/li>\n\n\n\n<li><a href=\"#ehrenamt\">Engagement und Ehrenamt<\/a>\n<ul class=\"wp-block-list\">\n<li><a href=\"#politik\">Politik und Soziales<\/a><\/li>\n\n\n\n<li><a href=\"#kultur\">Kultur<\/a><\/li>\n\n\n\n<li><a href=\"#musik\">Musik<\/a><\/li>\n<\/ul>\n<\/li>\n\n\n\n<li><a href=\"#qualifikationen\">Weitere Qualifikationen<\/a><\/li>\n<\/ul>\n\n\n\n<hr class=\"wp-block-separator has-alpha-channel-opacity\"\/>\n\n\n\n<h3 class=\"wp-block-heading\" id=\"beruf\">Beruflicher Werdegang<\/h3>\n\n\n\n<p><em>seit 2021:<\/em> <strong>Dissidenten-Fraktion im Dresdner Stadtrat<\/strong><\/p>\n\n\n\n<ul class=\"wp-block-list\">\n<li>Systemadministrator<\/li>\n\n\n\n<li>Video- und Audiobearbeitung<\/li>\n\n\n\n<li>inhaltliche Zuarbeit<\/li>\n<\/ul>\n\n\n\n<p><em>seit 2020:<\/em> <strong>Neustadt Art Kollektiv e.V.<\/strong><\/p>\n\n\n\n<ul class=\"wp-block-list\">\n<li>Kassenverwaltung<\/li>\n\n\n\n<li>Programmierung<\/li>\n\n\n\n<li>Netzwerkpflege<\/li>\n\n\n\n<li>F\u00f6rdermittelmanagement<\/li>\n\n\n\n<li>Projektbetreuung<\/li>\n<\/ul>\n\n\n\n<p><em>seit Feb 2018:<\/em> <strong>Kultopia gGmbH<\/strong><\/p>\n\n\n\n<ul class=\"wp-block-list\">\n<li>Gesch\u00e4ftsf\u00fchrer<\/li>\n\n\n\n<li>Verwaltung, Controlling, Qualit\u00e4tssicherung, Nachhaltigkeit<\/li>\n\n\n\n<li>Programmierung<\/li>\n\n\n\n<li>Netzwerkpflege<\/li>\n\n\n\n<li>F\u00f6rdermittelmanagement<\/li>\n\n\n\n<li>Projektbetreuung<\/li>\n<\/ul>\n\n\n\n<p><em>M\u00e4rz 2017 bis 2022:<\/em> <strong>The Jans \u2013 Hecht, Kossick, Zumpe GbR<\/strong><\/p>\n\n\n\n<ul class=\"wp-block-list\">\n<li>Konzeption, Programmierung und Dokumentation von Software<\/li>\n\n\n\n<li>Qualit\u00e4tssicherung und Nachhaltigkeit<\/li>\n<\/ul>\n\n\n\n<p><em>Mai 2015 bis Juli 2015:<\/em> <strong>Freelancer f\u00fcr <a href=\"http:\/\/leihbar.net\">Leihbar.net<\/a><\/strong><\/p>\n\n\n\n<ul class=\"wp-block-list\">\n<li>Implementierung des Bestellprozesses<\/li>\n\n\n\n<li>Anbindung an die JSON-API<\/li>\n\n\n\n<li>Einbindung von Kartenmaterial<\/li>\n<\/ul>\n\n\n\n<p><em>Mai 2011 bis Dez 2017: <\/em><strong>Freelancer bei <a href=\"https:\/\/finanznachrichten.de\">FinanzNachrichten.de<\/a><\/strong><\/p>\n\n\n\n<ul class=\"wp-block-list\">\n<li>Umbau und Optimierung Javascript (unobstrusive), CSS3 und HTML5<\/li>\n\n\n\n<li>SEO \/ Werbeeinbindung und -optimierung<\/li>\n\n\n\n<li>Implementierung von jQuery, Ajax und JSON<\/li>\n<\/ul>\n\n\n\n<p><em>&nbsp;Okt 2011 bis Sep 2014: <\/em><strong>Honorarkraft an der TU Dresden, Institut Str\u00f6mungsmechanik<\/strong><\/p>\n\n\n\n<ul class=\"wp-block-list\">\n<li>Konfiguration von OPAL (Onlineplattform f\u00fcr akademisches Lehren)<\/li>\n\n\n\n<li>Pflege der Seite im WebCMS<\/li>\n<\/ul>\n\n\n\n<p><em>seit Okt 2003: <\/em><strong>Einzelunternehmen \u201eJan Kossick \u2013 IT &#038; Services\u201c<\/strong><\/p>\n\n\n\n<ul class=\"wp-block-list\">\n<li>Konzeption, Programmierung und Wartung von Software<\/li>\n\n\n\n<li>Einrichtung und Wartung von Netzwerken und Server<\/li>\n\n\n\n<li>Eventmanagement<\/li>\n\n\n\n<li>Buchhaltung\/Steuern<\/li>\n<\/ul>\n\n\n\n<p><em>2002 bis 2005<\/em>: <strong>Lernsoftware f\u00fcr den Englischunterricht in der Erwachsenenbildung<\/strong><\/p>\n\n\n\n<ul class=\"wp-block-list\">\n<li>Konzeption, Programmierung und Vertrieb<\/li>\n\n\n\n<li>genutzt von der <a href=\"https:\/\/www.taw.de\/kontakt\/standorte\/cottbus\/\">TAW Cottbus<\/a> und der <a href=\"https:\/\/www.lernzentrum-cottbus.de\/de\/volkshochschule.html\">VHS Cottbus<\/a><\/li>\n<\/ul>\n\n\n\n<hr class=\"wp-block-separator has-alpha-channel-opacity\"\/>\n\n\n\n<h3 class=\"wp-block-heading\" id=\"bildung\">Bildungsweg<\/h3>\n\n\n\n<p><em>2018 bis 2023:<\/em> <strong>Gesangsausbildung bei Christina P\u00f6\u00dfel (Dresden)<\/strong><\/p>\n\n\n\n<ul class=\"wp-block-list\">\n<li>Stimmtraining<\/li>\n\n\n\n<li>Erarbeitung von Gesangswerken aus Rock, Pop und Jazz<\/li>\n\n\n\n<li>Verbesserung der B\u00fchnenpr\u00e4senz <\/li>\n\n\n\n<li>Auftrittsvorbereitungen<\/li>\n<\/ul>\n\n\n\n<p><em>Nov 2017 bis M\u00e4rz 2020:<\/em> <strong>Grundausbildung \u201eGewaltfreie Kommunikation\u201c bei <a href=\"http:\/\/echtjetzt.de\">echt jetzt!<\/a><\/strong><\/p>\n\n\n\n<ul class=\"wp-block-list\">\n<li>Theoretische Grundlagenbildung zu Kommunikationsmustern<\/li>\n\n\n\n<li>Praktisches Training<\/li>\n\n\n\n<li>Selbstwahrnehmung verfeinern<\/li>\n\n\n\n<li>Begleitung anderer Menschen in Krisensituationen<\/li>\n<\/ul>\n\n\n\n<p><em>2010 bis 2022:<\/em> <strong>Studium der Informatik, <a href=\"https:\/\/www.fernuni-hagen.de\/\">Fernuniversit\u00e4t Hagen<\/a><\/strong><\/p>\n\n\n\n<ul class=\"wp-block-list\">\n<li>Spezialisierung auf Softwareentwicklung &#038; Datenbanken<\/li>\n\n\n\n<li>Abschluss: Bachelor of Science Informatik<\/li>\n<\/ul>\n\n\n\n<p><em>Okt 2005 bis&nbsp; Sep 2010: <\/em><strong>Studium der Informatik, <a href=\"https:\/\/tu-dresden.de\/\">Technische Universit\u00e4t Dresden<\/a><\/strong><\/p>\n\n\n\n<ul class=\"wp-block-list\">\n<li>Diplom-Grundstudium<\/li>\n<\/ul>\n\n\n\n<p><em>Aug 1997 bis Juni 2004: <\/em><strong>Sekundarstufe I und II am <a href=\"https:\/\/www.nsg-cottbus.de\/\">Niedersorbischen Gymnasium Cottbus<\/a><\/strong><\/p>\n\n\n\n<ul class=\"wp-block-list\">\n<li>Pr\u00fcfungsf\u00e4cher: Mathematik, Sorbisch, Informatik und Politische Bildung<\/li>\n\n\n\n<li>Abiturnote: 2,1<\/li>\n<\/ul>\n\n\n\n<hr class=\"wp-block-separator has-alpha-channel-opacity\"\/>\n\n\n\n<h3 class=\"wp-block-heading\" id=\"ehrenamt\">Engagement und Ehrenamt<\/h3>\n\n\n\n<h4 class=\"wp-block-heading\" id=\"politik\">Politik &#038; Soziales<\/h4>\n\n\n\n<p>Dezember<em> 2022 bis Dezemeber 2023:<\/em> <strong>Generalsekret\u00e4r im Bundesvorstand der Piratenpartei<\/strong><\/p>\n\n\n\n<p><em>Juni 2022 bis Dezember 2022:<\/em> <strong>Stellvertretender Generalsekret\u00e4r im Bundesvorstand der Piratenpartei<\/strong><\/p>\n\n\n\n<p><em>September 2018 bis Februar 2023: <\/em><strong>Stadtbezirksbeirat f\u00fcr den Stadtbezirk Dresden-Neustadt<\/strong><\/p>\n\n\n\n<p><em>seit September 2018: <\/em><strong>Abgeordneter f\u00fcr den <a href=\"http:\/\/serbski-sejm.de\">Serbski Sejm<\/a><\/strong><\/p>\n\n\n\n<p><em>seit September 2013: <\/em><strong>Mitglied der Piratenpartei, <a href=\"https:\/\/neustadtpiraten.de\">Ortsverband Dresden-Neustadt<\/a><\/strong><\/p>\n\n\n\n<ul class=\"wp-block-list\">\n<li>Stadtbezirksbeirat im Stadtteil Dresden-Neustadt<\/li>\n\n\n\n<li>im Vorstand des Ortsverbands Dresden-Neustadt<\/li>\n\n\n\n<li>Programmarbeit<\/li>\n\n\n\n<li>Verwaltung<\/li>\n<\/ul>\n\n\n\n<p><em>Februar 2012 bis Mai 2015: <\/em><strong>Unterst\u00fctzung <a href=\"http:\/\/dresden-nazifrei.com\">Dresden Nazifrei<\/a><\/strong><\/p>\n\n\n\n<ul class=\"wp-block-list\">\n<li>Organisation und \u00d6ffentlichkeitsarbeit der Solikonzerte<\/li>\n\n\n\n<li>Infrastruktur &#038; Netzwerkarbeit<\/li>\n\n\n\n<li>Mobilisierung<\/li>\n<\/ul>\n\n\n\n<p><em>November 2009 bis 2013:<\/em> <strong>Lobby-, Presse- und \u00d6ffentlichkeitsarbeit in der studentischen Selbstverwaltung<\/strong><\/p>\n\n\n\n<ul class=\"wp-block-list\">\n<li>Beauftragter f\u00fcr \u00d6ffentlichkeitsarbeit der Konferenz S\u00e4chsischer Studierendenschaften<\/li>\n\n\n\n<li>f\u00fcr den selbstverwaltete studentischen Freiraum \u201eKOK16\u201c<\/li>\n\n\n\n<li>w\u00e4hrend der Besetzung des <a href=\"https:\/\/pot81.de\">H\u00f6rsaals POT81<\/a> an der TU Dresden<\/li>\n<\/ul>\n\n\n\n<p><em>August 2009 bis September 2012: <\/em><strong>Mitglied im <a href=\"https:\/\/www.stura.tu-dresden.de\/\">Studentenrat der TU Dresden<\/a><\/strong><\/p>\n\n\n\n<ul class=\"wp-block-list\">\n<li>Referent Kultur<\/li>\n\n\n\n<li>Referent f\u00fcr Bildung und Selbstverwaltung<\/li>\n\n\n\n<li>Projektgruppe \u201eEin Studierendenhaus f\u00fcr die TU Dresden\u201c<\/li>\n\n\n\n<li>Projektgruppe \u201efestival contre le racisme\u201c<\/li>\n\n\n\n<li>Projektgruppe \u201e13. Februar\u201c (Gegen den Neonaziaufmarsch)<\/li>\n<\/ul>\n\n\n\n<p><em>1999 bis 2003:<\/em> <strong>Jugendarbeit im <a href=\"http:\/\/humanistisches-jugendwerk-cottbus.de\/\">Humanistischen Jugendwerk Cottbus<\/a><\/strong><\/p>\n\n\n\n<ul class=\"wp-block-list\">\n<li>Computerkurse f\u00fcr Jugendliche<\/li>\n\n\n\n<li>Einrichtung und Betreuung Computerkabniett<\/li>\n\n\n\n<li>Beratung in IT- und Softwarefragen<\/li>\n<\/ul>\n\n\n\n<h4 class=\"wp-block-heading\" id=\"kultur\">Kultur<\/h4>\n\n\n\n<p><em>seit 2020:<\/em> <a href=\"https:\/\/neustadt-art-kollektiv.org\"><strong>Neustadt Art Kollektiv e.V.<\/strong><\/a><\/p>\n\n\n\n<ul class=\"wp-block-list\">\n<li>Projektbetreuung<\/li>\n\n\n\n<li>Kassenverwaltung<\/li>\n\n\n\n<li>Gr\u00fcndungsmitglied<\/li>\n\n\n\n<li>Vorstandsarbeit<\/li>\n<\/ul>\n\n\n\n<p><em>seit Dez 2014:<\/em> <strong>Akteur im <a href=\"http:\/\/netzwerk-kultur-dresden.de\">Netzwerk Kultur Dresden<\/a><\/strong><\/p>\n\n\n\n<ul class=\"wp-block-list\">\n<li>Vertretung Dresdner Bands<\/li>\n\n\n\n<li>Betreuung der Webseite und Mailingliste<\/li>\n\n\n\n<li>Organisation der Postplatzkonzerte gegen Pegida<\/li>\n<\/ul>\n\n\n\n<p><em>Jan 2014 bis Apr 2015:<\/em> <strong>Radiosendungen bei <a href=\"https:\/\/netzwerk-kultur-dresden.de\">coloRadio<\/a><\/strong><\/p>\n\n\n\n<ul class=\"wp-block-list\">\n<li>Redaktion, Moderation, Schnitt<\/li>\n\n\n\n<li>Formate: <a href=\"https:\/\/dresden-sellout.de\">Dresden Sellout<\/a> &#038; \u201eNachtkonzert \u2013 Beim Zuh\u00f6ren zuh\u00f6ren\u201c<\/li>\n\n\n\n<li>Programmkoordination<\/li>\n<\/ul>\n\n\n\n<p><em>seit Juli 2013: <\/em><a href=\"https:\/\/neustadt-art-festival.de\"><strong>Neustadt Art Festival<\/strong><\/a><\/p>\n\n\n\n<ul class=\"wp-block-list\">\n<li>Projektleitung und \u00d6ffentlichkeitsarbeit<\/li>\n\n\n\n<li>Band-Booking<\/li>\n\n\n\n<li>Tontechnik<\/li>\n\n\n\n<li>IT-Arbeit (Linux-Server, Domain, WordPress, App)<\/li>\n<\/ul>\n\n\n\n<p><em>M\u00e4rz 2013 bis 2018: <\/em><strong>Initiative <a href=\"https:\/\/kultur-sucht-raum.de\">Kultur sucht Raum<\/a><\/strong><\/p>\n\n\n\n<ul class=\"wp-block-list\">\n<li>Lobby-, Organisations-, Presse- und \u00d6ffentlichkeitsarbeit f\u00fcr Kunst und Kultur<\/li>\n\n\n\n<li>Organisation des <a href=\"https:\/\/naf.li\">Neustadt Art Festivals<\/a><\/li>\n\n\n\n<li><a href=\"https:\/\/artists-of-dresden.org\">Dresdner Stra\u00dfenk\u00fcnstler<\/a> gegen die Dresdner Stra\u00dfenkunstverordnung<\/li>\n\n\n\n<li>Protest gegen die Schlie\u00dfung des Probehauses Dresden Reick<\/li>\n<\/ul>\n\n\n\n<p><em>seit Aug 2012:<\/em> <strong><a href=\"https:\/\/eventkrake.de\">Eventkrake<\/a> \u2013 Idee, Konzeption und Programmierung eines Programms zum Veranstaltungs-Management und -Crawling (Open Source)<\/strong><\/p>\n\n\n\n<ul class=\"wp-block-list\">\n<li>Einsatz zur Programmverwaltung der <a href=\"https:\/\/brn-b\u00fcro.de\">Bunte Republik Neustadt<\/a> und des <a href=\"https:\/\/naf.li\">Neustadt Art Festival<\/a><\/li>\n\n\n\n<li>WordPress-Plugin und -Theme mit Kartendarstellung zur Eventverwaltung<\/li>\n\n\n\n<li>App mit OpenStreetMap-Darstellung<\/li>\n\n\n\n<li>JSON-API zum Abruf der Datenbank<\/li>\n<\/ul>\n\n\n\n<h4 class=\"wp-block-heading\" id=\"musik\">Musik<\/h4>\n\n\n\n<p><em>2020 bis 2023:<\/em> Ensemble <strong><a href=\"https:\/\/meinklang.org\">MeinKlang<\/a><\/strong><\/p>\n\n\n\n<p><em>seit Apr 2018:<\/em> <strong><a href=\"https:\/\/klavierpunk.de\">Jan Kosyk<\/a> (Klavierpunk)<\/strong><\/p>\n\n\n\n<ul class=\"wp-block-list\">\n<li>Solo-Programm &#8220;Utopien eines Realisten&#8221;<\/li>\n\n\n\n<li>\u00bbKlavierpunk \u2013 Das Album\u00ab mit Band<\/li>\n<\/ul>\n\n\n\n<p><em>M\u00e4rz 2017 bis Nov 2018:<\/em> <strong>Duo <\/strong><a href=\"https:\/\/derbuntehund.band\"><strong>Martha Laux und der bunte Hund<\/strong><\/a><\/p>\n\n\n\n<ul class=\"wp-block-list\">\n<li>Lyrische Texte mit Klavierbegleitung<\/li>\n<\/ul>\n\n\n\n<p><em>Okt 2014 bis Feb 2015:<\/em> <strong>Dresdner Protestchor<\/strong><\/p>\n\n\n\n<ul class=\"wp-block-list\">\n<li>Gr\u00fcndung<\/li>\n\n\n\n<li>Organisation<\/li>\n\n\n\n<li>musikalische Leitung<\/li>\n<\/ul>\n\n\n\n<p><em>seit 09\/2001:<\/em> <strong>Musiker (Klavier, Arrangement) und Tontechniker<\/strong><\/p>\n\n\n\n<ul class=\"wp-block-list\">\n<li><a href=\"http:\/\/kulabula.de\">Kula Bula<\/a><\/li>\n\n\n\n<li><a href=\"https:\/\/www.black-sheep-swing.de\/\">Black Sheep Swing Orchestra<\/a><\/li>\n\n\n\n<li><a href=\"https:\/\/www.kultur-sucht-raum.de\/portfolio\/tonsteinescherben\/\">Tribute to Ton Steine Scherben<\/a><\/li>\n\n\n\n<li><a href=\"http:\/\/skaprifischer.de\">Skaprifischer<\/a> <em>(2009 bis 2015)<\/em><\/li>\n\n\n\n<li>The Stolen Moments <em>(2007 bis 2009)<\/em><\/li>\n\n\n\n<li>Conni-Wolf-Band<em> (2001 &#8211; 2007)<\/em><\/li>\n<\/ul>\n\n\n\n<hr class=\"wp-block-separator has-alpha-channel-opacity\"\/>\n\n\n\n<h3 class=\"wp-block-heading\" id=\"qualifikationen\">Weitere Qualifikationen<\/h3>\n\n\n\n<h4 class=\"wp-block-heading\">IT &#038; Technik<\/h4>\n\n\n\n<ul class=\"wp-block-list\">\n<li>Serveradministration Linux<\/li>\n\n\n\n<li>Netzwerkeinrichtung &#038; -betreuung<\/li>\n\n\n\n<li><a href=\"https:\/\/www.gimp.org\/\">GIMP<\/a>, <a href=\"https:\/\/kdenlive.org\/\">Kdenlive<\/a>, <a href=\"https:\/\/lmms.io\">LMMS<\/a>, <a href=\"https:\/\/ardour.org\">Ardour<\/a><\/li>\n\n\n\n<li>L\u00f6ten, Flicken, Reparieren<\/li>\n<\/ul>\n\n\n\n<h4 class=\"wp-block-heading\">Programmierung<\/h4>\n\n\n\n<ul class=\"wp-block-list\">\n<li>Sprachen: <a href=\"https:\/\/jankossick.de\/microsite.html\">Javascript<\/a>, PHP, Shellscripte<\/li>\n\n\n\n<li>Struktur: HTML5, XHTML, XML, DOM, LaTeX<\/li>\n\n\n\n<li>Gestaltung: LESS, CSS3<\/li>\n\n\n\n<li>Datenbank: MySQL<\/li>\n\n\n\n<li>Versioning: Git<\/li>\n\n\n\n<li>Frameworks: jQuery<\/li>\n\n\n\n<li>WordPress-Plugins und -Themes<\/li>\n\n\n\n<li>SEO, Social Media<\/li>\n<\/ul>\n\n\n\n<h4 class=\"wp-block-heading\">Sprachen<\/h4>\n\n\n\n<ul class=\"wp-block-list\">\n<li>Deutsch (Muttersprache)<\/li>\n\n\n\n<li>Englisch (Sprechen, Lesen, Verstehen, Schreiben)<\/li>\n\n\n\n<li>Sorbisch (Lesen, Verstehen)<\/li>\n\n\n\n<li>Russisch (Grundkenntnisse)<\/li>\n\n\n\n<li>Japanisch (Grundkenntnisse)<\/li>\n<\/ul>\n\n\n\n<h4 class=\"wp-block-heading\">Instrumente<\/h4>\n\n\n\n<ul class=\"wp-block-list\">\n<li>Klavier (Ausbildung: Klassik- und Kammermusik Grundstufe, Jazz)<\/li>\n\n\n\n<li>autodidaktisch Orgel, Akkordeon, Ukulele, Tenorhorn<\/li>\n\n\n\n<li>Tontechnik<\/li>\n<\/ul>\n","protected":false},"excerpt":{"rendered":"<p>Mein Name ist Jan Kossick (aka Jan Kosyk), ich bin 40 Jahre alt und wohne in Dresden. Ich arbeite als Kulturmanager f\u00fcr das Neustadt Art Kollektiv und die Kultopia gGmbH und bin seit 20 Jahren als Programmierer selbstst\u00e4ndig. Ich habe einen Abschluss als Bachelor in Informatik. Ich bin Musiker als Liedermacher und mit Bands im [&hellip;]<\/p>\n","protected":false},"author":1,"featured_media":924,"parent":0,"menu_order":0,"comment_status":"closed","ping_status":"closed","template":"","meta":{"_aioseo_title":"","_aioseo_description":"","footnotes":""},"class_list":["post-1042","page","type-page","status-publish","has-post-thumbnail"],"_links":{"self":[{"href":"https:\/\/jankosyk.de\/en\/wp-json\/wp\/v2\/pages\/1042","targetHints":{"allow":["GET"]}}],"collection":[{"href":"https:\/\/jankosyk.de\/en\/wp-json\/wp\/v2\/pages"}],"about":[{"href":"https:\/\/jankosyk.de\/en\/wp-json\/wp\/v2\/types\/page"}],"author":[{"embeddable":true,"href":"https:\/\/jankosyk.de\/en\/wp-json\/wp\/v2\/users\/1"}],"replies":[{"embeddable":true,"href":"https:\/\/jankosyk.de\/en\/wp-json\/wp\/v2\/comments?post=1042"}],"version-history":[{"count":9,"href":"https:\/\/jankosyk.de\/en\/wp-json\/wp\/v2\/pages\/1042\/revisions"}],"predecessor-version":[{"id":6551,"href":"https:\/\/jankosyk.de\/en\/wp-json\/wp\/v2\/pages\/1042\/revisions\/6551"}],"wp:featuredmedia":[{"embeddable":true,"href":"https:\/\/jankosyk.de\/en\/wp-json\/wp\/v2\/media\/924"}],"wp:attachment":[{"href":"https:\/\/jankosyk.de\/en\/wp-json\/wp\/v2\/media?parent=1042"}],"curies":[{"name":"wp","href":"https:\/\/api.w.org\/{rel}","templated":true}]}}